{"id":1379,"date":"2022-09-15T10:54:51","date_gmt":"2022-09-15T08:54:51","guid":{"rendered":"https:\/\/www.omikronitalia.it\/solus-omikron-store\/"},"modified":"2026-04-01T09:33:12","modified_gmt":"2026-04-01T07:33:12","slug":"salus-omikron-store","status":"publish","type":"page","link":"https:\/\/www.omikronitalia.it\/en\/salus-omikron-store\/","title":{"rendered":"Salus Omikron Store"},"content":{"rendered":"[vc_row type=&#8221;full_width_background&#8221; full_screen_row_position=&#8221;middle&#8221; column_margin=&#8221;default&#8221; column_direction=&#8221;default&#8221; column_direction_tablet=&#8221;default&#8221; column_direction_phone=&#8221;default&#8221; bg_color=&#8221;#ffffff&#8221; scene_position=&#8221;center&#8221; text_color=&#8221;dark&#8221; text_align=&#8221;left&#8221; row_border_radius=&#8221;none&#8221; row_border_radius_applies=&#8221;bg&#8221; overflow=&#8221;visible&#8221; advanced_gradient_angle=&#8221;0&#8243; overlay_strength=&#8221;0.3&#8243; gradient_direction=&#8221;left_to_right&#8221; shape_divider_position=&#8221;bottom&#8221; bg_image_animation=&#8221;zoom-out-slow&#8221; parallax_bg=&#8221;true&#8221; parallax_bg_speed=&#8221;fast&#8221; gradient_type=&#8221;default&#8221; shape_type=&#8221;&#8221;][vc_column column_padding=&#8221;no-extra-padding&#8221; column_padding_tablet=&#8221;inherit&#8221; column_padding_phone=&#8221;inherit&#8221; column_padding_position=&#8221;all&#8221; column_element_spacing=&#8221;default&#8221; background_color_opacity=&#8221;1&#8243; background_hover_color_opacity=&#8221;1&#8243; column_shadow=&#8221;none&#8221; column_border_radius=&#8221;none&#8221; column_link_target=&#8221;_self&#8221; column_position=&#8221;default&#8221; gradient_direction=&#8221;left_to_right&#8221; overlay_strength=&#8221;0.3&#8243; width=&#8221;1\/1&#8243; tablet_width_inherit=&#8221;default&#8221; tablet_text_alignment=&#8221;default&#8221; phone_text_alignment=&#8221;default&#8221; animation_type=&#8221;default&#8221; bg_image_animation=&#8221;none&#8221; border_type=&#8221;simple&#8221; column_border_width=&#8221;none&#8221; column_border_style=&#8221;solid&#8221;][divider line_type=&#8221;No Line&#8221; custom_height=&#8221;50&#8243; custom_height_phone=&#8221;15&#8243;][vc_row_inner column_margin=&#8221;default&#8221; column_direction=&#8221;default&#8221; column_direction_tablet=&#8221;default&#8221; column_direction_phone=&#8221;default&#8221; text_align=&#8221;center&#8221; row_position=&#8221;default&#8221; row_position_tablet=&#8221;inherit&#8221; row_position_phone=&#8221;inherit&#8221; overflow=&#8221;visible&#8221; pointer_events=&#8221;all&#8221;][vc_column_inner column_padding=&#8221;no-extra-padding&#8221; column_padding_tablet=&#8221;inherit&#8221; column_padding_phone=&#8221;inherit&#8221; column_padding_position=&#8221;all&#8221; column_element_spacing=&#8221;default&#8221; background_color_opacity=&#8221;1&#8243; background_hover_color_opacity=&#8221;1&#8243; column_shadow=&#8221;none&#8221; column_border_radius=&#8221;none&#8221; column_link_target=&#8221;_self&#8221; gradient_direction=&#8221;left_to_right&#8221; overlay_strength=&#8221;0.3&#8243; width=&#8221;1\/6&#8243; tablet_width_inherit=&#8221;default&#8221; animation_type=&#8221;default&#8221; bg_image_animation=&#8221;none&#8221; border_type=&#8221;simple&#8221; column_border_width=&#8221;none&#8221; column_border_style=&#8221;solid&#8221;][\/vc_column_inner][vc_column_inner column_padding=&#8221;no-extra-padding&#8221; column_padding_tablet=&#8221;inherit&#8221; column_padding_phone=&#8221;inherit&#8221; column_padding_position=&#8221;all&#8221; column_element_spacing=&#8221;default&#8221; background_color_opacity=&#8221;1&#8243; background_hover_color_opacity=&#8221;1&#8243; column_shadow=&#8221;none&#8221; column_border_radius=&#8221;none&#8221; column_link_target=&#8221;_self&#8221; zindex=&#8221;999&#8243; advanced_gradient_angle=&#8221;0&#8243; gradient_direction=&#8221;left_to_right&#8221; overlay_strength=&#8221;0.3&#8243; width=&#8221;2\/3&#8243; tablet_width_inherit=&#8221;default&#8221; animation_type=&#8221;default&#8221; bg_image_animation=&#8221;none&#8221; border_type=&#8221;simple&#8221; column_border_width=&#8221;none&#8221; column_border_style=&#8221;solid&#8221; gradient_type=&#8221;default&#8221;][image_with_animation image_url=&#8221;1755&#8243; image_size=&#8221;full&#8221; animation_type=&#8221;entrance&#8221; animation=&#8221;None&#8221; hover_animation=&#8221;none&#8221; alignment=&#8221;center&#8221; border_radius=&#8221;none&#8221; box_shadow=&#8221;none&#8221; image_loading=&#8221;default&#8221; max_width=&#8221;100%&#8221; max_width_mobile=&#8221;default&#8221;][vc_column_text el_class=&#8221;accent-color&#8221;]\n<h1 style=\"text-align: center; font-size: 36px !important;\">Salus Omikron Store<\/h1>\n[\/vc_column_text][nectar_btn size=&#8221;jumbo&#8221; open_new_tab=&#8221;true&#8221; button_style=&#8221;regular&#8221; button_color_2=&#8221;Accent-Color&#8221; icon_family=&#8221;none&#8221; text=&#8221;Acquista online&#8221; url=&#8221;https:\/\/shop.omikronitalia.it\/&#8221; css_animation=&#8221;bounce&#8221;][divider line_type=&#8221;No Line&#8221; custom_height=&#8221;40&#8243; custom_height_phone=&#8221;30&#8243;][vc_column_text]\n<h6 style=\"text-align: center;\">PUNTI VENDITA DIRETTI: MILANO &#8211; BOLOGNA &#8211; ROMA &#8211; PISA &#8211; TORINO &#8211; GENOVA<\/h6>\n[\/vc_column_text][vc_column_text]\n<p style=\"text-align: center;\">Nei punti vendita Salus Omikron Store sono acquistabili medicinali ad uso umano di automedicazione e medicinali ad uso umano non soggetti a prescrizione medica del listino Omikron Italia sia della divisione oftalmica che vascolare.<\/p>\n[\/vc_column_text][\/vc_column_inner][vc_column_inner column_padding=&#8221;no-extra-padding&#8221; column_padding_tablet=&#8221;inherit&#8221; column_padding_phone=&#8221;inherit&#8221; column_padding_position=&#8221;all&#8221; column_element_spacing=&#8221;default&#8221; background_color_opacity=&#8221;1&#8243; background_hover_color_opacity=&#8221;1&#8243; column_shadow=&#8221;none&#8221; column_border_radius=&#8221;none&#8221; column_link_target=&#8221;_self&#8221; gradient_direction=&#8221;left_to_right&#8221; overlay_strength=&#8221;0.3&#8243; width=&#8221;1\/6&#8243; tablet_width_inherit=&#8221;default&#8221; animation_type=&#8221;default&#8221; bg_image_animation=&#8221;none&#8221; border_type=&#8221;simple&#8221; column_border_width=&#8221;none&#8221; column_border_style=&#8221;solid&#8221;][\/vc_column_inner][\/vc_row_inner][divider line_type=&#8221;No Line&#8221; custom_height=&#8221;80&#8243; custom_height_phone=&#8221;15&#8243;][\/vc_column][\/vc_row][vc_row type=&#8221;full_width_background&#8221; full_screen_row_position=&#8221;middle&#8221; column_margin=&#8221;default&#8221; column_direction=&#8221;default&#8221; column_direction_tablet=&#8221;default&#8221; column_direction_phone=&#8221;default&#8221; scene_position=&#8221;center&#8221; text_color=&#8221;dark&#8221; text_align=&#8221;left&#8221; row_border_radius=&#8221;none&#8221; row_border_radius_applies=&#8221;bg&#8221; overflow=&#8221;visible&#8221; id=&#8221;more&#8221; advanced_gradient_angle=&#8221;154&#8243; overlay_strength=&#8221;0.3&#8243; gradient_direction=&#8221;left_to_right&#8221; shape_divider_position=&#8221;bottom&#8221; bg_image_animation=&#8221;none&#8221; gradient_type=&#8221;default&#8221; shape_type=&#8221;&#8221;][vc_column column_padding=&#8221;no-extra-padding&#8221; column_padding_tablet=&#8221;inherit&#8221; column_padding_phone=&#8221;inherit&#8221; column_padding_position=&#8221;all&#8221; column_element_spacing=&#8221;default&#8221; background_color_opacity=&#8221;1&#8243; background_hover_color_opacity=&#8221;1&#8243; column_shadow=&#8221;none&#8221; column_border_radius=&#8221;none&#8221; column_link_target=&#8221;_self&#8221; column_position=&#8221;default&#8221; gradient_direction=&#8221;left_to_right&#8221; overlay_strength=&#8221;0.3&#8243; width=&#8221;1\/1&#8243; tablet_width_inherit=&#8221;default&#8221; tablet_text_alignment=&#8221;default&#8221; phone_text_alignment=&#8221;default&#8221; animation_type=&#8221;default&#8221; bg_image_animation=&#8221;none&#8221; border_type=&#8221;simple&#8221; column_border_width=&#8221;none&#8221; column_border_style=&#8221;solid&#8221;][vc_row_inner column_margin=&#8221;60px&#8221; column_direction=&#8221;default&#8221; column_direction_tablet=&#8221;default&#8221; column_direction_phone=&#8221;default&#8221; text_align=&#8221;left&#8221; row_position=&#8221;default&#8221; row_position_tablet=&#8221;inherit&#8221; row_position_phone=&#8221;inherit&#8221; overflow=&#8221;visible&#8221; pointer_events=&#8221;all&#8221;][vc_column_inner column_padding=&#8221;no-extra-padding&#8221; column_padding_tablet=&#8221;inherit&#8221; column_padding_phone=&#8221;inherit&#8221; column_padding_position=&#8221;all&#8221; column_element_spacing=&#8221;default&#8221; background_color_opacity=&#8221;1&#8243; background_hover_color_opacity=&#8221;1&#8243; column_shadow=&#8221;none&#8221; column_border_radius=&#8221;none&#8221; column_link_target=&#8221;_self&#8221; gradient_direction=&#8221;left_to_right&#8221; overlay_strength=&#8221;0.3&#8243; width=&#8221;1\/2&#8243; tablet_width_inherit=&#8221;default&#8221; animation_type=&#8221;default&#8221; bg_image_animation=&#8221;none&#8221; border_type=&#8221;simple&#8221; column_border_width=&#8221;none&#8221; column_border_style=&#8221;solid&#8221;][vc_column_text el_class=&#8221;accent-color&#8221;]\n<h3 style=\"text-align: left;\">Milano<\/h3>\n[\/vc_column_text][vc_column_text]\n<div id=\"tab1\" style=\"overflow-x: auto;\">\n<table border=\"0\" cellspacing=\"4\" cellpadding=\"2\">\n<tbody>\n<tr>\n<td>Indirizzo:<\/td>\n<td>Via Gerolamo Tiraboschi 19 &#8211; 20135 Milano (<a href=\"https:\/\/maps.google.it\/?daddr=45.4534447,9.2092383\" target=\"_blank\" rel=\"noopener\">Google Maps<\/a>)<\/td>\n<\/tr>\n<tr>\n<td>Telefono:<\/td>\n<td><a href=\"tel:+390239285979\">02 39285979<\/a><\/td>\n<\/tr>\n<tr>\n<td>Mail:<\/td>\n<td><a href=\"mailto:omikronstoremilano@omikronitalia.it\">omikronstoremilano@omikronitalia.it<\/a><\/td>\n<\/tr>\n<tr>\n<td>Orari:<\/td>\n<td>Luned\u00ec \u2013 Gioved\u00ec: 09:00 \u2013 13:00 \/ 14:00 \u2013 17:00<br \/>\nVenerd\u00ec: 08:30 \u2013 13:00 \/ 13:30 \u2013 17:00<br \/>\nSabato: 09:00 \u2013 13:00<\/td>\n<\/tr>\n<\/tbody>\n<\/table>\n<\/div>\n[\/vc_column_text][divider line_type=&#8221;No Line&#8221; custom_height=&#8221;20&#8243;][\/vc_column_inner][vc_column_inner column_padding=&#8221;no-extra-padding&#8221; column_padding_tablet=&#8221;inherit&#8221; column_padding_phone=&#8221;inherit&#8221; column_padding_position=&#8221;all&#8221; column_element_spacing=&#8221;default&#8221; background_color_opacity=&#8221;1&#8243; background_hover_color_opacity=&#8221;1&#8243; column_shadow=&#8221;none&#8221; column_border_radius=&#8221;none&#8221; column_link_target=&#8221;_self&#8221; gradient_direction=&#8221;left_to_right&#8221; overlay_strength=&#8221;0.3&#8243; width=&#8221;1\/2&#8243; tablet_width_inherit=&#8221;default&#8221; animation_type=&#8221;default&#8221; bg_image_animation=&#8221;none&#8221; border_type=&#8221;simple&#8221; column_border_width=&#8221;none&#8221; column_border_style=&#8221;solid&#8221;][vc_column_text el_class=&#8221;accent-color&#8221;]\n<h3 style=\"text-align: left;\">Bologna<\/h3>\n[\/vc_column_text][vc_column_text]\n<div id=\"tab1\" style=\"overflow-x: auto;\">\n<table border=\"0\" cellspacing=\"4\" cellpadding=\"2\">\n<tbody>\n<tr>\n<td>Indirizzo:<\/td>\n<td>Via Pietro Mengoli 9\/B &#8211; 40138 Bologna (<a href=\"https:\/\/maps.google.it\/?daddr=44.4871698,11.3701429\" target=\"_blank\" rel=\"noopener\">Google Maps<\/a>)<\/td>\n<\/tr>\n<tr>\n<td>Telefono:<\/td>\n<td><a href=\"tel:+390514980499\">051 4980499<\/a><\/td>\n<\/tr>\n<tr>\n<td>Mail:<\/td>\n<td><a href=\"mailto:omikronstorebologna@omikronitalia.it\">omikronstorebologna@omikronitalia.it<\/a><\/td>\n<\/tr>\n<tr>\n<td>Orari:<\/td>\n<td>Luned\u00ec \u2013 Venerd\u00ec: 09:00 &#8211; 13:00 \/ 14:00 &#8211; 17:00<br \/>\nSabato: 09:00 &#8211; 13:00<\/td>\n<\/tr>\n<\/tbody>\n<\/table>\n<\/div>\n[\/vc_column_text][divider line_type=&#8221;No Line&#8221; custom_height=&#8221;20&#8243;][\/vc_column_inner][\/vc_row_inner][vc_row_inner column_margin=&#8221;60px&#8221; column_direction=&#8221;default&#8221; column_direction_tablet=&#8221;default&#8221; column_direction_phone=&#8221;default&#8221; text_align=&#8221;left&#8221; row_position=&#8221;default&#8221; row_position_tablet=&#8221;inherit&#8221; row_position_phone=&#8221;inherit&#8221; overflow=&#8221;visible&#8221; pointer_events=&#8221;all&#8221;][vc_column_inner column_padding=&#8221;no-extra-padding&#8221; column_padding_tablet=&#8221;inherit&#8221; column_padding_phone=&#8221;inherit&#8221; column_padding_position=&#8221;all&#8221; column_element_spacing=&#8221;default&#8221; background_color_opacity=&#8221;1&#8243; background_hover_color_opacity=&#8221;1&#8243; column_shadow=&#8221;none&#8221; column_border_radius=&#8221;none&#8221; column_link_target=&#8221;_self&#8221; gradient_direction=&#8221;left_to_right&#8221; overlay_strength=&#8221;0.3&#8243; width=&#8221;1\/2&#8243; tablet_width_inherit=&#8221;default&#8221; animation_type=&#8221;default&#8221; bg_image_animation=&#8221;none&#8221; border_type=&#8221;simple&#8221; column_border_width=&#8221;none&#8221; column_border_style=&#8221;solid&#8221;][vc_column_text el_class=&#8221;accent-color&#8221;]\n<h3 style=\"text-align: left;\">Roma 1<\/h3>\n[\/vc_column_text][vc_column_text]\n<div id=\"tab1\" style=\"overflow-x: auto;\">\n<table border=\"0\" cellspacing=\"4\" cellpadding=\"2\">\n<tbody>\n<tr>\n<td>Indirizzo:<\/td>\n<td>Via Magnagrecia 41 &#8211; 00183 Roma (<a href=\"https:\/\/maps.google.it\/?daddr=41.8843296,12.5092381\" target=\"_blank\" rel=\"noopener\">Google Maps<\/a>)<\/td>\n<\/tr>\n<tr>\n<td>Telefono:<\/td>\n<td><a href=\"tel:+390643689175\">06 43689175<\/a><\/td>\n<\/tr>\n<tr>\n<td>Mail:<\/td>\n<td><a href=\"mailto:omikronstoreroma1@omikronitalia.it\">omikronstoreroma1@omikronitalia.it<\/a><\/td>\n<\/tr>\n<tr>\n<td>Orari:<\/td>\n<td>Lunedi \u2013 Venerd\u00ec: 09:00 &#8211; 20:00<br \/>\nSabato: 09:00 &#8211; 13:00<\/td>\n<\/tr>\n<\/tbody>\n<\/table>\n<\/div>\n[\/vc_column_text][divider line_type=&#8221;No Line&#8221; custom_height=&#8221;20&#8243;][\/vc_column_inner][vc_column_inner column_padding=&#8221;no-extra-padding&#8221; column_padding_tablet=&#8221;inherit&#8221; column_padding_phone=&#8221;inherit&#8221; column_padding_position=&#8221;all&#8221; column_element_spacing=&#8221;default&#8221; background_color_opacity=&#8221;1&#8243; background_hover_color_opacity=&#8221;1&#8243; column_shadow=&#8221;none&#8221; column_border_radius=&#8221;none&#8221; column_link_target=&#8221;_self&#8221; gradient_direction=&#8221;left_to_right&#8221; overlay_strength=&#8221;0.3&#8243; width=&#8221;1\/2&#8243; tablet_width_inherit=&#8221;default&#8221; animation_type=&#8221;default&#8221; bg_image_animation=&#8221;none&#8221; border_type=&#8221;simple&#8221; column_border_width=&#8221;none&#8221; column_border_style=&#8221;solid&#8221;][vc_column_text el_class=&#8221;accent-color&#8221;]\n<h3 style=\"text-align: left;\">Roma 2<\/h3>\n[\/vc_column_text][vc_column_text]\n<div id=\"tab1\" style=\"overflow-x: auto;\">\n<table border=\"0\" cellspacing=\"4\" cellpadding=\"2\">\n<tbody>\n<tr>\n<td>Indirizzo:<\/td>\n<td>Via Nemorense 135 &#8211; 00199 Roma (<a href=\"https:\/\/maps.google.it\/?daddr=41.9294374,12.5133822\" target=\"_blank\" rel=\"noopener\">Google Maps<\/a>)<\/td>\n<\/tr>\n<tr>\n<td>Telefono:<\/td>\n<td><a href=\"tel:+390686216865\">06 86216865<\/a><\/td>\n<\/tr>\n<tr>\n<td>Mail:<\/td>\n<td><a href=\"mailto:omikronstoreroma2@omikronitalia.it\">omikronstoreroma2@omikronitalia.it<\/a><\/td>\n<\/tr>\n<tr>\n<td>Orari:<\/td>\n<td>Lunedi \u2013 Venerd\u00ec: 10:00 \u2013 13:00 \/ 14:00 \u2013 18:00<br \/>\nSabato: 10:00 \u2013 15:00<\/td>\n<\/tr>\n<\/tbody>\n<\/table>\n<\/div>\n[\/vc_column_text][divider line_type=&#8221;No Line&#8221; custom_height=&#8221;20&#8243;][\/vc_column_inner][\/vc_row_inner][vc_row_inner column_margin=&#8221;60px&#8221; column_direction=&#8221;default&#8221; column_direction_tablet=&#8221;default&#8221; column_direction_phone=&#8221;default&#8221; text_align=&#8221;left&#8221; row_position=&#8221;default&#8221; row_position_tablet=&#8221;inherit&#8221; row_position_phone=&#8221;inherit&#8221; overflow=&#8221;visible&#8221; pointer_events=&#8221;all&#8221;][vc_column_inner column_padding=&#8221;no-extra-padding&#8221; column_padding_tablet=&#8221;inherit&#8221; column_padding_phone=&#8221;inherit&#8221; column_padding_position=&#8221;all&#8221; column_element_spacing=&#8221;default&#8221; background_color_opacity=&#8221;1&#8243; background_hover_color_opacity=&#8221;1&#8243; column_shadow=&#8221;none&#8221; column_border_radius=&#8221;none&#8221; column_link_target=&#8221;_self&#8221; gradient_direction=&#8221;left_to_right&#8221; overlay_strength=&#8221;0.3&#8243; width=&#8221;1\/2&#8243; tablet_width_inherit=&#8221;default&#8221; animation_type=&#8221;default&#8221; bg_image_animation=&#8221;none&#8221; border_type=&#8221;simple&#8221; column_border_width=&#8221;none&#8221; column_border_style=&#8221;solid&#8221;][vc_column_text el_class=&#8221;accent-color&#8221;]\n<h3 style=\"text-align: left;\">Pisa<\/h3>\n[\/vc_column_text][vc_column_text]\n<div id=\"tab1\" style=\"overflow-x: auto;\">\n<table border=\"0\" cellspacing=\"4\" cellpadding=\"2\">\n<tbody>\n<tr>\n<td>Indirizzo:<\/td>\n<td>Piazza Bartolo da Sassoferrato 5 &#8211; 56124 Pisa (<a href=\"https:\/\/www.google.it\/maps\/dir\/\/43.7142702,10.4148508\/@43.7141763,10.3449005,12z\" target=\"_blank\" rel=\"noopener\">Google Maps<\/a>)<\/td>\n<\/tr>\n<tr>\n<td>Telefono:<\/td>\n<td><a href=\"tel:+39050576083\">050 57 60 83<\/a><\/td>\n<\/tr>\n<tr>\n<td>Mail:<\/td>\n<td><a href=\"mailto: omikronstore@omikronitalia.it\">omikronstore@omikronitalia.it <\/a><\/td>\n<\/tr>\n<tr>\n<td>Orari:<\/td>\n<td>Luned\u00ec \u2013 Venerd\u00ec: 09:00 &#8211; 13:00 \/ 15:30 &#8211; 18:30<br \/>\nPrimo e terzo sabato del mese: 09:00 &#8211; 13:00<\/td>\n<\/tr>\n<\/tbody>\n<\/table>\n<\/div>\n[\/vc_column_text][divider line_type=&#8221;No Line&#8221; custom_height=&#8221;20&#8243;][\/vc_column_inner][vc_column_inner column_padding=&#8221;no-extra-padding&#8221; column_padding_tablet=&#8221;inherit&#8221; column_padding_phone=&#8221;inherit&#8221; column_padding_position=&#8221;all&#8221; column_element_spacing=&#8221;default&#8221; background_color_opacity=&#8221;1&#8243; background_hover_color_opacity=&#8221;1&#8243; column_shadow=&#8221;none&#8221; column_border_radius=&#8221;none&#8221; column_link_target=&#8221;_self&#8221; gradient_direction=&#8221;left_to_right&#8221; overlay_strength=&#8221;0.3&#8243; width=&#8221;1\/2&#8243; tablet_width_inherit=&#8221;default&#8221; animation_type=&#8221;default&#8221; bg_image_animation=&#8221;none&#8221; border_type=&#8221;simple&#8221; column_border_width=&#8221;none&#8221; column_border_style=&#8221;solid&#8221;][vc_column_text el_class=&#8221;accent-color&#8221;]\n<h3 style=\"text-align: left;\">Torino<\/h3>\n[\/vc_column_text][vc_column_text]\n<div id=\"tab1\" style=\"overflow-x: auto;\">\n<table border=\"0\" cellspacing=\"4\" cellpadding=\"2\">\n<tbody>\n<tr>\n<td>Indirizzo:<\/td>\n<td>Via San Secondo 21\/C \u2013 10128 Torino\u00a0(<a href=\"https:\/\/goo.gl\/maps\/BD4mdZtpbdrF5srd9\" target=\"_blank\" rel=\"noopener\">Google Maps<\/a>)<\/td>\n<\/tr>\n<tr>\n<td>Telefono:<\/td>\n<td><a href=\"tel:+390115629176\">011 56 29 176<\/a><\/td>\n<\/tr>\n<tr>\n<td>Mail:<\/td>\n<td><a href=\"mailto:omikronstoretorino@omikronitalia.it\" target=\"_blank\" rel=\"noopener\">omikronstoretorino@<wbr \/>omikronitalia.it<\/a><\/td>\n<\/tr>\n<tr>\n<td>Orari:<\/td>\n<td>Luned\u00ec e Gioved\u00ec: 09:30 &#8211; 15:30<br \/>\nMarted\u00ec, Mercoled\u00ec e Venerd\u00ec: 10:00 -13:00 \/ 14:00 &#8211; 18:00<br \/>\nSabato: 9:30-12:30<\/td>\n<\/tr>\n<\/tbody>\n<\/table>\n<\/div>\n[\/vc_column_text][divider line_type=&#8221;No Line&#8221; custom_height=&#8221;20&#8243;][\/vc_column_inner][\/vc_row_inner][vc_row_inner column_margin=&#8221;60px&#8221; column_direction=&#8221;default&#8221; column_direction_tablet=&#8221;default&#8221; column_direction_phone=&#8221;default&#8221; text_align=&#8221;left&#8221; row_position=&#8221;default&#8221; row_position_tablet=&#8221;inherit&#8221; row_position_phone=&#8221;inherit&#8221; overflow=&#8221;visible&#8221; pointer_events=&#8221;all&#8221;][vc_column_inner column_padding=&#8221;no-extra-padding&#8221; column_padding_tablet=&#8221;inherit&#8221; column_padding_phone=&#8221;inherit&#8221; column_padding_position=&#8221;all&#8221; column_element_spacing=&#8221;default&#8221; background_color_opacity=&#8221;1&#8243; background_hover_color_opacity=&#8221;1&#8243; column_shadow=&#8221;none&#8221; column_border_radius=&#8221;none&#8221; column_link_target=&#8221;_self&#8221; gradient_direction=&#8221;left_to_right&#8221; overlay_strength=&#8221;0.3&#8243; width=&#8221;1\/2&#8243; tablet_width_inherit=&#8221;default&#8221; animation_type=&#8221;default&#8221; bg_image_animation=&#8221;none&#8221; border_type=&#8221;simple&#8221; column_border_width=&#8221;none&#8221; column_border_style=&#8221;solid&#8221;][vc_column_text el_class=&#8221;accent-color&#8221;]\n<h3 style=\"text-align: left;\">Genova<\/h3>\n[\/vc_column_text][vc_column_text]\n<div id=\"tab1\" style=\"overflow-x: auto;\">\n<table border=\"0\" cellspacing=\"4\" cellpadding=\"2\">\n<tbody>\n<tr>\n<td>Indirizzo:<\/td>\n<td>Via di Santa Zita, 17 R \u2013 16129 Genova\u00a0(<a href=\"https:\/\/maps.app.goo.gl\/yMv9A6uq3w55td4w8\" target=\"_blank\" rel=\"noopener\">Google Maps<\/a>)<\/td>\n<\/tr>\n<tr>\n<td>Telefono:<\/td>\n<td><a href=\"tel:+390102922357\">010 2922357<\/a><\/td>\n<\/tr>\n<tr>\n<td>Mail:<\/td>\n<td><a href=\"mailto:omikronstoregenova@omikronitalia.it\">omikronstoregenova@omikronitalia.it<\/a><\/td>\n<\/tr>\n<tr>\n<td>Orari:<\/td>\n<td>Luned\u00ec \u2013 Venerd\u00ec: 09:00 \u2013 19:30<br \/>\nSabato: 09:00 \u2013 14:00<\/td>\n<\/tr>\n<\/tbody>\n<\/table>\n<\/div>\n[\/vc_column_text][divider line_type=&#8221;No Line&#8221; custom_height=&#8221;20&#8243;][\/vc_column_inner][vc_column_inner column_padding=&#8221;no-extra-padding&#8221; column_padding_tablet=&#8221;inherit&#8221; column_padding_phone=&#8221;inherit&#8221; column_padding_position=&#8221;all&#8221; column_element_spacing=&#8221;default&#8221; background_color_opacity=&#8221;1&#8243; background_hover_color_opacity=&#8221;1&#8243; column_shadow=&#8221;none&#8221; column_border_radius=&#8221;none&#8221; column_link_target=&#8221;_self&#8221; gradient_direction=&#8221;left_to_right&#8221; overlay_strength=&#8221;0.3&#8243; width=&#8221;1\/2&#8243; tablet_width_inherit=&#8221;default&#8221; animation_type=&#8221;default&#8221; bg_image_animation=&#8221;none&#8221; border_type=&#8221;simple&#8221; column_border_width=&#8221;none&#8221; column_border_style=&#8221;solid&#8221;][\/vc_column_inner][\/vc_row_inner][divider line_type=&#8221;No Line&#8221; custom_height=&#8221;100&#8243; custom_height_phone=&#8221;40&#8243;][\/vc_column][\/vc_row]\n","protected":false},"excerpt":{"rendered":"<p>[vc_row type=&#8221;full_width_background&#8221; full_screen_row_position=&#8221;middle&#8221; column_margin=&#8221;default&#8221; column_direction=&#8221;default&#8221; column_direction_tablet=&#8221;default&#8221; column_direction_phone=&#8221;default&#8221; bg_color=&#8221;#ffffff&#8221; scene_position=&#8221;center&#8221; text_color=&#8221;dark&#8221; text_align=&#8221;left&#8221; row_border_radius=&#8221;none&#8221; row_border_radius_applies=&#8221;bg&#8221; overflow=&#8221;visible&#8221; advanced_gradient_angle=&#8221;0&#8243; overlay_strength=&#8221;0.3&#8243; gradient_direction=&#8221;left_to_right&#8221; shape_divider_position=&#8221;bottom&#8221; bg_image_animation=&#8221;zoom-out-slow&#8221; parallax_bg=&#8221;true&#8221; parallax_bg_speed=&#8221;fast&#8221; gradient_type=&#8221;default&#8221; shape_type=&#8221;&#8221;][vc_column column_padding=&#8221;no-extra-padding&#8221; column_padding_tablet=&#8221;inherit&#8221; column_padding_phone=&#8221;inherit&#8221; column_padding_position=&#8221;all&#8221; column_element_spacing=&#8221;default&#8221; background_color_opacity=&#8221;1&#8243; background_hover_color_opacity=&#8221;1&#8243;&#8230;<\/p>\n","protected":false},"author":2,"featured_media":0,"parent":0,"menu_order":0,"comment_status":"closed","ping_status":"closed","template":"","meta":{"footnotes":""},"class_list":["post-1379","page","type-page","status-publish"],"_links":{"self":[{"href":"https:\/\/www.omikronitalia.it\/en\/wp-json\/wp\/v2\/pages\/1379","targetHints":{"allow":["GET"]}}],"collection":[{"href":"https:\/\/www.omikronitalia.it\/en\/wp-json\/wp\/v2\/pages"}],"about":[{"href":"https:\/\/www.omikronitalia.it\/en\/wp-json\/wp\/v2\/types\/page"}],"author":[{"embeddable":true,"href":"https:\/\/www.omikronitalia.it\/en\/wp-json\/wp\/v2\/users\/2"}],"replies":[{"embeddable":true,"href":"https:\/\/www.omikronitalia.it\/en\/wp-json\/wp\/v2\/comments?post=1379"}],"version-history":[{"count":33,"href":"https:\/\/www.omikronitalia.it\/en\/wp-json\/wp\/v2\/pages\/1379\/revisions"}],"predecessor-version":[{"id":5688,"href":"https:\/\/www.omikronitalia.it\/en\/wp-json\/wp\/v2\/pages\/1379\/revisions\/5688"}],"wp:attachment":[{"href":"https:\/\/www.omikronitalia.it\/en\/wp-json\/wp\/v2\/media?parent=1379"}],"curies":[{"name":"wp","href":"https:\/\/api.w.org\/{rel}","templated":true}]}}